{"id":224,"date":"2022-01-04T20:37:59","date_gmt":"2022-01-04T19:37:59","guid":{"rendered":"http:\/\/happyfrogstudio.com\/?page_id=224"},"modified":"2022-02-02T10:29:00","modified_gmt":"2022-02-02T09:29:00","slug":"canta-lo-que-te-gusta","status":"publish","type":"page","link":"https:\/\/happyfrogstudio.com\/en\/canta-lo-que-te-gusta\/","title":{"rendered":"Sing what you like"},"content":{"rendered":"<div data-colibri-id=\"224-c1\" class=\"style-367 style-local-224-c1 position-relative\">\n  <!---->\n  <div data-colibri-component=\"section\" data-colibri-id=\"224-c2\" id=\"custom\" class=\"h-section h-section-global-spacing d-flex align-items-lg-center align-items-md-center align-items-center style-499 style-local-224-c2 position-relative\">\n    <!---->\n    <!---->\n    <div class=\"h-section-grid-container h-section-boxed-container\">\n      <!---->\n      <div data-colibri-id=\"224-c3\" class=\"h-row-container gutters-row-lg-2 gutters-row-md-2 gutters-row-0 gutters-row-v-lg-2 gutters-row-v-md-2 gutters-row-v-2 style-500 style-local-224-c3 position-relative\">\n        <!---->\n        <div class=\"h-row justify-content-lg-center justify-content-md-center justify-content-center align-items-lg-stretch align-items-md-stretch align-items-stretch gutters-col-lg-2 gutters-col-md-2 gutters-col-0 gutters-col-v-lg-2 gutters-col-v-md-2 gutters-col-v-2\">\n          <!---->\n          <div class=\"h-column h-column-container d-flex h-col-lg-6 h-col-md-6 h-col-12 style-501-outer style-local-224-c4-outer\">\n            <div data-colibri-id=\"224-c4\" class=\"d-flex h-flex-basis h-column__inner h-px-lg-2 h-px-md-2 h-px-2 v-inner-lg-2 v-inner-md-2 v-inner-2 style-501 style-local-224-c4 position-relative\">\n              <!---->\n              <!---->\n              <div class=\"w-100 h-y-container h-column__content h-column__v-align flex-basis-100 align-self-lg-start align-self-md-start align-self-start\">\n                <!---->\n                <div data-colibri-id=\"224-c5\" class=\"d-block style-502 style-local-224-c5 position-relative h-element\">\n                  <!---->\n                  <div class=\"h-image__frame-container-outer\">\n                    <div class=\"h-image__frame-container\">\n                      <!---->\n                      <!---->\n                      <img decoding=\"async\" loading=\"lazy\" width=\"2560\" height=\"1334\" src=\"http:\/\/happyfrogstudio.com\/wp-content\/uploads\/2022\/01\/micro_happy_head-min_compressedmax-scaled.jpeg\" class=\"wp-image-91 style-502-image style-local-224-c5-image\" srcset=\"https:\/\/happyfrogstudio.com\/wp-content\/uploads\/2022\/01\/micro_happy_head-min_compressedmax-scaled.jpeg 2560w, https:\/\/happyfrogstudio.com\/wp-content\/uploads\/2022\/01\/micro_happy_head-min_compressedmax-300x156.jpeg 300w, https:\/\/happyfrogstudio.com\/wp-content\/uploads\/2022\/01\/micro_happy_head-min_compressedmax-1024x534.jpeg 1024w, https:\/\/happyfrogstudio.com\/wp-content\/uploads\/2022\/01\/micro_happy_head-min_compressedmax-768x400.jpeg 768w, https:\/\/happyfrogstudio.com\/wp-content\/uploads\/2022\/01\/micro_happy_head-min_compressedmax-1536x800.jpeg 1536w, https:\/\/happyfrogstudio.com\/wp-content\/uploads\/2022\/01\/micro_happy_head-min_compressedmax-2048x1067.jpeg 2048w, https:\/\/happyfrogstudio.com\/wp-content\/uploads\/2022\/01\/micro_happy_head-min_compressedmax-18x9.jpeg 18w\" sizes=\"(max-width: 2560px) 100vw, 2560px\" alt=\"happyfrogstudio\" \/>\n                      <div class=\"h-image__frame h-hide-lg h-hide-md h-hide-sm style-502-frameImage style-local-224-c5-frameImage\"><\/div>\n                    <\/div>\n                  <\/div>\n                <\/div>\n              <\/div>\n            <\/div>\n          <\/div>\n        <\/div>\n      <\/div>\n    <\/div>\n  <\/div>\n  <div data-colibri-component=\"section\" data-colibri-id=\"224-c10\" id=\"content\" class=\"h-section h-section-global-spacing d-flex align-items-lg-center align-items-md-center align-items-center style-560 style-local-224-c10 position-relative\">\n    <!---->\n    <!---->\n    <div class=\"h-section-grid-container h-section-boxed-container\">\n      <!---->\n      <div data-colibri-id=\"224-c11\" class=\"h-row-container gutters-row-lg-2 gutters-row-md-1 gutters-row-2 gutters-row-v-lg-2 gutters-row-v-md-1 gutters-row-v-2 style-561 style-local-224-c11 position-relative\">\n        <!---->\n        <div class=\"h-row justify-content-lg-center justify-content-md-center justify-content-center align-items-lg-stretch align-items-md-stretch align-items-stretch gutters-col-lg-2 gutters-col-md-1 gutters-col-2 gutters-col-v-lg-2 gutters-col-v-md-1 gutters-col-v-2\">\n          <!---->\n          <div class=\"h-column h-column-container d-flex h-col-lg-6 h-col-md-6 h-col-12 style-562-outer style-local-224-c12-outer\">\n            <div data-colibri-id=\"224-c12\" class=\"d-flex h-flex-basis h-column__inner h-px-lg-0 h-px-md-2 h-px-0 v-inner-lg-0 v-inner-md-2 v-inner-0 style-562 style-local-224-c12 position-relative\">\n              <!---->\n              <!---->\n              <div class=\"w-100 h-y-container h-column__content h-column__v-align flex-basis-100 align-self-lg-center align-self-md-center align-self-center\">\n                <!---->\n                <div data-colibri-id=\"224-c13\" class=\"d-block style-563 style-local-224-c13 position-relative h-element\">\n                  <!---->\n                  <div class=\"h-image__frame-container-outer\">\n                    <div class=\"h-image__frame-container\">\n                      <!---->\n                      <!---->\n                      <img decoding=\"async\" loading=\"lazy\" width=\"255\" height=\"340\" src=\"http:\/\/happyfrogstudio.com\/wp-content\/uploads\/2022\/02\/sings-my-soul.jpg\" class=\"wp-image-1144 style-563-image style-local-224-c13-image\" srcset=\"https:\/\/happyfrogstudio.com\/wp-content\/uploads\/2022\/02\/sings-my-soul.jpg 255w, https:\/\/happyfrogstudio.com\/wp-content\/uploads\/2022\/02\/sings-my-soul-225x300.jpg 225w, https:\/\/happyfrogstudio.com\/wp-content\/uploads\/2022\/02\/sings-my-soul-9x12.jpg 9w\" sizes=\"(max-width: 255px) 100vw, 255px\" alt=\"sings my soul\" \/>\n                      <div class=\"h-image__frame h-hide-sm style-563-frameImage style-local-224-c13-frameImage\"><\/div>\n                    <\/div>\n                  <\/div>\n                <\/div>\n              <\/div>\n            <\/div>\n          <\/div>\n          <div class=\"h-column h-column-container d-flex h-col-lg-6 h-col-md-6 h-col-12 style-564-outer style-local-224-c14-outer\">\n            <div data-colibri-id=\"224-c14\" class=\"d-flex h-flex-basis h-column__inner h-px-lg-0 h-px-md-0 h-px-2 v-inner-lg-0 v-inner-md-0 v-inner-2 style-564 style-local-224-c14 position-relative\">\n              <!---->\n              <!---->\n              <div class=\"w-100 h-y-container h-column__content h-column__v-align flex-basis-100 align-self-lg-center align-self-md-center align-self-center\">\n                <!---->\n                <div data-colibri-id=\"224-c15\" class=\"h-global-transition-all h-heading style-565 style-local-224-c15 position-relative h-element\">\n                  <!---->\n                  <div class=\"h-heading__outer style-565 style-local-224-c15\">\n                    <!---->\n                    <!---->\n                    <h3 class=\"\">Sing the songs you love<\/h3>\n                  <\/div>\n                <\/div>\n                <div data-colibri-id=\"224-c16\" class=\"h-text h-text-component style-566 style-local-224-c16 position-relative h-element\">\n                  <!---->\n                  <!---->\n                  <div class=\"\">\n                    <p>One of the causes of demotivation when learning to sing or trying to improve is the pedagogical approach. We know that learning is closely linked to emotions: we remember more vividly an event linked to a deep emotion, positive or negative. If we focus on the emotions that bring us joy, singing is one of them: the deep sense of well-being and satisfaction that singing brings is definitely a positive emotion.<\/p>\n                    <p>From birth we learn by imitation and repetition, observing our elders and training over and over again in trial and error. This practice is perfected over the years, consciously or unconsciously selecting what works best for us. At this point, the way in which new concepts are presented to us is crucial. A teaching method should be effective and lead to learning that lasts over time, because the learner has made the knowledge his or her own.<\/p>\n                    <p>Learning to sing or to perfect our vocal skills is governed by these same facts. And like all learning, if it is accompanied by simple exercises, directly aimed at solving specific problems and adapted to the individual's learning style and musical preferences, it will provoke very positive emotions in the singer.<\/p>\n                    <p>Selecting songs that we like, that we normally listen to and sing along to and starting to name the vocal challenges we face is fundamental to an effective session. This does not mean that the process is a stitch-and-sing process, but rather that the path is built up as concrete solutions to concrete problems are put in place. Therefore, as for any instrument, practice is a prerequisite, but practising what you like and understand is much more fun!<\/p>\n                    <p>Hands on the mic!<\/p>\n                  <\/div>\n                <\/div>\n              <\/div>\n            <\/div>\n          <\/div>\n        <\/div>\n      <\/div>\n    <\/div>\n  <\/div>\n<\/div>","protected":false},"excerpt":{"rendered":"<p>Canta lo que te gusta Una de las causas de desmotivaci\u00f3n a la hora de aprender a cantar o de intentar mejorar es el enfoque pedag\u00f3gico. Sabemos que el aprendizaje est\u00e1 estrechamente ligado a las emociones: recordamos con m\u00e1s vividez un evento unido a una profunda emoci\u00f3n, positiva o negativa. Si nos centramos en las [&hellip;]<\/p>","protected":false},"author":1,"featured_media":1055,"parent":0,"menu_order":0,"comment_status":"closed","ping_status":"closed","template":"page-templates\/full-width-page.php","meta":[],"aioseo_notices":[],"_links":{"self":[{"href":"https:\/\/happyfrogstudio.com\/en\/wp-json\/wp\/v2\/pages\/224"}],"collection":[{"href":"https:\/\/happyfrogstudio.com\/en\/wp-json\/wp\/v2\/pages"}],"about":[{"href":"https:\/\/happyfrogstudio.com\/en\/wp-json\/wp\/v2\/types\/page"}],"author":[{"embeddable":true,"href":"https:\/\/happyfrogstudio.com\/en\/wp-json\/wp\/v2\/users\/1"}],"replies":[{"embeddable":true,"href":"https:\/\/happyfrogstudio.com\/en\/wp-json\/wp\/v2\/comments?post=224"}],"version-history":[{"count":20,"href":"https:\/\/happyfrogstudio.com\/en\/wp-json\/wp\/v2\/pages\/224\/revisions"}],"predecessor-version":[{"id":1315,"href":"https:\/\/happyfrogstudio.com\/en\/wp-json\/wp\/v2\/pages\/224\/revisions\/1315"}],"wp:featuredmedia":[{"embeddable":true,"href":"https:\/\/happyfrogstudio.com\/en\/wp-json\/wp\/v2\/media\/1055"}],"wp:attachment":[{"href":"https:\/\/happyfrogstudio.com\/en\/wp-json\/wp\/v2\/media?parent=224"}],"curies":[{"name":"wp","href":"https:\/\/api.w.org\/{rel}","templated":true}]}}