{"id":618,"date":"2022-01-26T11:29:15","date_gmt":"2022-01-26T10:29:15","guid":{"rendered":"http:\/\/happyfrogstudio.com\/?page_id=618"},"modified":"2022-02-02T13:15:19","modified_gmt":"2022-02-02T12:15:19","slug":"que-es-la-tecnica-vocal-completa","status":"publish","type":"page","link":"https:\/\/happyfrogstudio.com\/en\/que-es-la-tecnica-vocal-completa\/","title":{"rendered":"What is Complete Vocal Technique?"},"content":{"rendered":"<div data-colibri-id=\"618-c1\" class=\"style-576 style-local-618-c1 position-relative\">\n  <!---->\n  <div data-colibri-component=\"section\" data-colibri-id=\"618-c2\" id=\"custom\" class=\"h-section h-section-global-spacing d-flex align-items-lg-center align-items-md-center align-items-center style-577 style-local-618-c2 position-relative\">\n    <!---->\n    <!---->\n    <div class=\"h-section-grid-container h-section-boxed-container\">\n      <!---->\n      <div data-colibri-id=\"618-c3\" class=\"h-row-container gutters-row-lg-2 gutters-row-md-2 gutters-row-0 gutters-row-v-lg-2 gutters-row-v-md-2 gutters-row-v-2 style-578 style-local-618-c3 position-relative\">\n        <!---->\n        <div class=\"h-row justify-content-lg-center justify-content-md-center justify-content-center align-items-lg-stretch align-items-md-stretch align-items-stretch gutters-col-lg-2 gutters-col-md-2 gutters-col-0 gutters-col-v-lg-2 gutters-col-v-md-2 gutters-col-v-2\">\n          <!---->\n          <div class=\"h-column h-column-container d-flex h-col-lg-6 h-col-md-6 h-col-12 style-579-outer style-local-618-c4-outer\">\n            <div data-colibri-id=\"618-c4\" class=\"d-flex h-flex-basis h-column__inner h-px-lg-2 h-px-md-2 h-px-2 v-inner-lg-2 v-inner-md-2 v-inner-2 style-579 style-local-618-c4 position-relative\">\n              <!---->\n              <!---->\n              <div class=\"w-100 h-y-container h-column__content h-column__v-align flex-basis-100 align-self-lg-start align-self-md-start align-self-start\">\n                <!---->\n                <div data-colibri-id=\"618-c5\" class=\"d-block style-580 style-local-618-c5 position-relative h-element\">\n                  <!---->\n                  <div class=\"h-image__frame-container-outer\">\n                    <div class=\"h-image__frame-container\">\n                      <!---->\n                      <!---->\n                      <img decoding=\"async\" loading=\"lazy\" width=\"2560\" height=\"1334\" src=\"http:\/\/happyfrogstudio.com\/wp-content\/uploads\/2022\/01\/micro_happy_head-min_compressedmax-scaled.jpeg\" class=\"wp-image-91 style-580-image style-local-618-c5-image\" srcset=\"https:\/\/happyfrogstudio.com\/wp-content\/uploads\/2022\/01\/micro_happy_head-min_compressedmax-scaled.jpeg 2560w, https:\/\/happyfrogstudio.com\/wp-content\/uploads\/2022\/01\/micro_happy_head-min_compressedmax-300x156.jpeg 300w, https:\/\/happyfrogstudio.com\/wp-content\/uploads\/2022\/01\/micro_happy_head-min_compressedmax-1024x534.jpeg 1024w, https:\/\/happyfrogstudio.com\/wp-content\/uploads\/2022\/01\/micro_happy_head-min_compressedmax-768x400.jpeg 768w, https:\/\/happyfrogstudio.com\/wp-content\/uploads\/2022\/01\/micro_happy_head-min_compressedmax-1536x800.jpeg 1536w, https:\/\/happyfrogstudio.com\/wp-content\/uploads\/2022\/01\/micro_happy_head-min_compressedmax-2048x1067.jpeg 2048w, https:\/\/happyfrogstudio.com\/wp-content\/uploads\/2022\/01\/micro_happy_head-min_compressedmax-18x9.jpeg 18w\" sizes=\"(max-width: 2560px) 100vw, 2560px\" alt=\"happyfrogstudio\" \/>\n                      <div class=\"h-image__frame h-hide-lg h-hide-md h-hide-sm style-580-frameImage style-local-618-c5-frameImage\"><\/div>\n                    <\/div>\n                  <\/div>\n                <\/div>\n              <\/div>\n            <\/div>\n          <\/div>\n        <\/div>\n      <\/div>\n    <\/div>\n  <\/div>\n  <div data-colibri-component=\"section\" data-colibri-id=\"618-c6\" id=\"content\" class=\"h-section h-section-global-spacing d-flex align-items-lg-center align-items-md-center align-items-center style-581 style-local-618-c6 position-relative\">\n    <!---->\n    <!---->\n    <div class=\"h-section-grid-container h-section-boxed-container\">\n      <!---->\n      <div data-colibri-id=\"618-c7\" class=\"h-row-container gutters-row-lg-2 gutters-row-md-2 gutters-row-2 gutters-row-v-lg-2 gutters-row-v-md-2 gutters-row-v-2 style-582 style-local-618-c7 position-relative\">\n        <!---->\n        <div class=\"h-row justify-content-lg-center justify-content-md-center justify-content-center align-items-lg-stretch align-items-md-stretch align-items-stretch gutters-col-lg-2 gutters-col-md-2 gutters-col-2 gutters-col-v-lg-2 gutters-col-v-md-2 gutters-col-v-2\">\n          <!---->\n          <div class=\"h-column h-column-container d-flex h-col-lg-6 h-col-md-6 h-col-12 style-583-outer style-local-618-c8-outer\">\n            <div data-colibri-id=\"618-c8\" class=\"d-flex h-flex-basis h-column__inner h-px-lg-0 h-px-md-2 h-px-0 v-inner-lg-0 v-inner-md-2 v-inner-0 style-583 style-local-618-c8 position-relative\">\n              <!---->\n              <!---->\n              <div class=\"w-100 h-y-container h-column__content h-column__v-align flex-basis-100 align-self-lg-center align-self-md-center align-self-center\">\n                <!---->\n                <div data-colibri-id=\"618-c9\" class=\"d-block style-584 style-local-618-c9 position-relative h-element\">\n                  <!---->\n                  <div class=\"h-image__frame-container-outer\">\n                    <div class=\"h-image__frame-container\">\n                      <!---->\n                      <!---->\n                      <img decoding=\"async\" loading=\"lazy\" width=\"768\" height=\"1024\" src=\"http:\/\/happyfrogstudio.com\/wp-content\/uploads\/2022\/01\/Overview.png\" class=\"wp-image-112 style-584-image style-local-618-c9-image\" srcset=\"https:\/\/happyfrogstudio.com\/wp-content\/uploads\/2022\/01\/Overview.png 768w, https:\/\/happyfrogstudio.com\/wp-content\/uploads\/2022\/01\/Overview-225x300.png 225w, https:\/\/happyfrogstudio.com\/wp-content\/uploads\/2022\/01\/Overview-300x400.png 300w, https:\/\/happyfrogstudio.com\/wp-content\/uploads\/2022\/01\/Overview-9x12.png 9w\" sizes=\"(max-width: 768px) 100vw, 768px\" alt=\"OverviewTechnique\" \/>\n                      <div class=\"h-image__frame h-hide-sm style-584-frameImage style-local-618-c9-frameImage\"><\/div>\n                    <\/div>\n                  <\/div>\n                <\/div>\n              <\/div>\n            <\/div>\n          <\/div>\n          <div class=\"h-column h-column-container d-flex h-col-lg-6 h-col-md-6 h-col-12 style-585-outer style-local-618-c10-outer\">\n            <div data-colibri-id=\"618-c10\" class=\"d-flex h-flex-basis h-column__inner h-px-lg-0 h-px-md-0 h-px-2 v-inner-lg-0 v-inner-md-0 v-inner-2 style-585 style-local-618-c10 position-relative\">\n              <!---->\n              <!---->\n              <div class=\"w-100 h-y-container h-column__content h-column__v-align flex-basis-100 align-self-lg-center align-self-md-center align-self-center\">\n                <!---->\n                <div data-colibri-id=\"618-c11\" class=\"h-global-transition-all h-heading style-586 style-local-618-c11 position-relative h-element\">\n                  <!---->\n                  <div class=\"h-heading__outer style-586 style-local-618-c11\">\n                    <!---->\n                    <!---->\n                    <h3 class=\"\">What is Complete Vocal Technique?<\/h3>\n                  <\/div>\n                <\/div>\n                <div data-colibri-id=\"618-c12\" class=\"h-text h-text-component style-587 style-local-618-c12 position-relative h-element\">\n                  <!---->\n                  <!---->\n                  <div class=\"\">\n                    <p>The Complete Vocal Technique was founded in Copenhagen by Cathrine Sadolin, founder of the Complete Vocal Institute, now the largest singing institute in Europe.<\/p>\n                    <p>In order to understand a concept, it is sometimes necessary to break it down into parts and establish the relationships between them. To understand how our vocal tract works requires that level of concreteness and relationship between what happens in our body when we sing and how we can explain it. And for this way to be pedagogically effective, a clear method is needed, with practical tools, in continuous evolution and supported by scientific studies.<\/p>\n                    <p>The terminology that has been developed, which is very precise and unambiguous, is the most widespread among singing teachers all over the world and covers all the sounds that the voice can make.<\/p>\n                  <\/div>\n                <\/div>\n                <div data-colibri-id=\"618-c13\" class=\"h-x-container style-588 style-local-618-c13 position-relative h-element\">\n                  <!---->\n                  <div class=\"h-x-container-inner style-dynamic-618-c13-group style-588-spacing style-local-618-c13-spacing\"><span class=\"h-button__outer style-589-outer style-local-618-c14-outer d-inline-flex h-element\"><a h-use-smooth-scroll=\"true\" href=\"https:\/\/completevocal.institute\/tecnica-vocal-completa\/\" target=\"_blank\" data-colibri-id=\"618-c14\" class=\"d-flex w-100 align-items-center h-button justify-content-lg-center justify-content-md-center justify-content-center style-589 style-local-618-c14 position-relative\" rel=\"noopener\"><!----><!----> <span>More<\/span><\/a>\n                    <\/span>\n                  <\/div>\n                <\/div>\n              <\/div>\n            <\/div>\n          <\/div>\n        <\/div>\n      <\/div>\n    <\/div>\n  <\/div>\n<\/div>","protected":false},"excerpt":{"rendered":"<p>\u00bfqu\u00e9 es la T\u00e9cnica Vocal Completa? La T\u00e9cnica Vocal Completa nace en Copenhague de la mano de Cathrine Sadolin, fundadora del Complete Vocal Institute, actualmente el instituto de canto m\u00e1s grande de Europa. Para poder comprender un concepto, a veces, es necesario dividirlo en partes y establecer las relaciones entre ellas. Para comprender como funciona [&hellip;]<\/p>","protected":false},"author":1,"featured_media":1055,"parent":0,"menu_order":0,"comment_status":"closed","ping_status":"closed","template":"page-templates\/full-width-page.php","meta":[],"aioseo_notices":[],"_links":{"self":[{"href":"https:\/\/happyfrogstudio.com\/en\/wp-json\/wp\/v2\/pages\/618"}],"collection":[{"href":"https:\/\/happyfrogstudio.com\/en\/wp-json\/wp\/v2\/pages"}],"about":[{"href":"https:\/\/happyfrogstudio.com\/en\/wp-json\/wp\/v2\/types\/page"}],"author":[{"embeddable":true,"href":"https:\/\/happyfrogstudio.com\/en\/wp-json\/wp\/v2\/users\/1"}],"replies":[{"embeddable":true,"href":"https:\/\/happyfrogstudio.com\/en\/wp-json\/wp\/v2\/comments?post=618"}],"version-history":[{"count":6,"href":"https:\/\/happyfrogstudio.com\/en\/wp-json\/wp\/v2\/pages\/618\/revisions"}],"predecessor-version":[{"id":1530,"href":"https:\/\/happyfrogstudio.com\/en\/wp-json\/wp\/v2\/pages\/618\/revisions\/1530"}],"wp:featuredmedia":[{"embeddable":true,"href":"https:\/\/happyfrogstudio.com\/en\/wp-json\/wp\/v2\/media\/1055"}],"wp:attachment":[{"href":"https:\/\/happyfrogstudio.com\/en\/wp-json\/wp\/v2\/media?parent=618"}],"curies":[{"name":"wp","href":"https:\/\/api.w.org\/{rel}","templated":true}]}}