{"id":799,"date":"2022-01-26T12:17:02","date_gmt":"2022-01-26T11:17:02","guid":{"rendered":"http:\/\/happyfrogstudio.com\/?page_id=799"},"modified":"2022-02-02T09:59:07","modified_gmt":"2022-02-02T08:59:07","slug":"cantar-y-sus-beneficios","status":"publish","type":"page","link":"https:\/\/happyfrogstudio.com\/en\/cantar-y-sus-beneficios\/","title":{"rendered":"Sing and benefits"},"content":{"rendered":"<div data-colibri-id=\"799-c1\" class=\"style-537 style-local-799-c1 position-relative\">\n  <!---->\n  <div data-colibri-component=\"section\" data-colibri-id=\"799-c2\" id=\"custom\" class=\"h-section h-section-global-spacing d-flex align-items-lg-center align-items-md-center align-items-center style-538 style-local-799-c2 position-relative\">\n    <!---->\n    <!---->\n    <div class=\"h-section-grid-container h-section-boxed-container\">\n      <!---->\n      <div data-colibri-id=\"799-c3\" class=\"h-row-container gutters-row-lg-2 gutters-row-md-2 gutters-row-0 gutters-row-v-lg-2 gutters-row-v-md-2 gutters-row-v-2 style-539 style-local-799-c3 position-relative\">\n        <!---->\n        <div class=\"h-row justify-content-lg-center justify-content-md-center justify-content-center align-items-lg-stretch align-items-md-stretch align-items-stretch gutters-col-lg-2 gutters-col-md-2 gutters-col-0 gutters-col-v-lg-2 gutters-col-v-md-2 gutters-col-v-2\">\n          <!---->\n          <div class=\"h-column h-column-container d-flex h-col-lg-6 h-col-md-6 h-col-12 style-540-outer style-local-799-c4-outer\">\n            <div data-colibri-id=\"799-c4\" class=\"d-flex h-flex-basis h-column__inner h-px-lg-2 h-px-md-2 h-px-2 v-inner-lg-2 v-inner-md-2 v-inner-2 style-540 style-local-799-c4 position-relative\">\n              <!---->\n              <!---->\n              <div class=\"w-100 h-y-container h-column__content h-column__v-align flex-basis-100 align-self-lg-start align-self-md-start align-self-start\">\n                <!---->\n                <div data-colibri-id=\"799-c5\" class=\"d-block style-541 style-local-799-c5 position-relative h-element\">\n                  <!---->\n                  <div class=\"h-image__frame-container-outer\">\n                    <div class=\"h-image__frame-container\">\n                      <!---->\n                      <!---->\n                      <img decoding=\"async\" loading=\"lazy\" width=\"2560\" height=\"1334\" src=\"http:\/\/happyfrogstudio.com\/wp-content\/uploads\/2022\/01\/micro_happy_head-min_compressedmax-scaled.jpeg\" class=\"wp-image-91 style-541-image style-local-799-c5-image\" srcset=\"https:\/\/happyfrogstudio.com\/wp-content\/uploads\/2022\/01\/micro_happy_head-min_compressedmax-scaled.jpeg 2560w, https:\/\/happyfrogstudio.com\/wp-content\/uploads\/2022\/01\/micro_happy_head-min_compressedmax-300x156.jpeg 300w, https:\/\/happyfrogstudio.com\/wp-content\/uploads\/2022\/01\/micro_happy_head-min_compressedmax-1024x534.jpeg 1024w, https:\/\/happyfrogstudio.com\/wp-content\/uploads\/2022\/01\/micro_happy_head-min_compressedmax-768x400.jpeg 768w, https:\/\/happyfrogstudio.com\/wp-content\/uploads\/2022\/01\/micro_happy_head-min_compressedmax-1536x800.jpeg 1536w, https:\/\/happyfrogstudio.com\/wp-content\/uploads\/2022\/01\/micro_happy_head-min_compressedmax-2048x1067.jpeg 2048w, https:\/\/happyfrogstudio.com\/wp-content\/uploads\/2022\/01\/micro_happy_head-min_compressedmax-18x9.jpeg 18w\" sizes=\"(max-width: 2560px) 100vw, 2560px\" alt=\"happyfrogstudio\" \/>\n                      <div class=\"h-image__frame h-hide-lg h-hide-md h-hide-sm style-541-frameImage style-local-799-c5-frameImage\"><\/div>\n                    <\/div>\n                  <\/div>\n                <\/div>\n              <\/div>\n            <\/div>\n          <\/div>\n        <\/div>\n      <\/div>\n    <\/div>\n  <\/div>\n  <div data-colibri-component=\"section\" data-colibri-id=\"799-c6\" id=\"content\" class=\"h-section h-section-global-spacing d-flex align-items-lg-center align-items-md-center align-items-center style-542 style-local-799-c6 position-relative\">\n    <!---->\n    <!---->\n    <div class=\"h-section-grid-container h-section-boxed-container\">\n      <!---->\n      <div data-colibri-id=\"799-c7\" class=\"h-row-container gutters-row-lg-2 gutters-row-md-2 gutters-row-2 gutters-row-v-lg-2 gutters-row-v-md-2 gutters-row-v-2 style-543 style-local-799-c7 position-relative\">\n        <!---->\n        <div class=\"h-row justify-content-lg-center justify-content-md-center justify-content-center align-items-lg-stretch align-items-md-stretch align-items-stretch gutters-col-lg-2 gutters-col-md-2 gutters-col-2 gutters-col-v-lg-2 gutters-col-v-md-2 gutters-col-v-2\">\n          <!---->\n          <div class=\"h-column h-column-container d-flex h-col-lg-6 h-col-md-6 h-col-12 style-544-outer style-local-799-c8-outer\">\n            <div data-colibri-id=\"799-c8\" class=\"d-flex h-flex-basis h-column__inner h-px-lg-0 h-px-md-2 h-px-0 v-inner-lg-0 v-inner-md-2 v-inner-0 style-544 style-local-799-c8 position-relative\">\n              <!---->\n              <!---->\n              <div class=\"w-100 h-y-container h-column__content h-column__v-align flex-basis-100 align-self-lg-center align-self-md-center align-self-center\">\n                <!---->\n                <div data-colibri-id=\"799-c9\" class=\"d-block style-545 style-local-799-c9 position-relative h-element\">\n                  <!---->\n                  <div class=\"h-image__frame-container-outer\">\n                    <div class=\"h-image__frame-container\">\n                      <!---->\n                      <!---->\n                      <img decoding=\"async\" loading=\"lazy\" width=\"2560\" height=\"1709\" src=\"http:\/\/happyfrogstudio.com\/wp-content\/uploads\/2022\/01\/pexels-pavel-danilyuk-7521305-scaled.jpg\" class=\"wp-image-606 style-545-image style-local-799-c9-image\" srcset=\"https:\/\/happyfrogstudio.com\/wp-content\/uploads\/2022\/01\/pexels-pavel-danilyuk-7521305-scaled.jpg 2560w, https:\/\/happyfrogstudio.com\/wp-content\/uploads\/2022\/01\/pexels-pavel-danilyuk-7521305-300x200.jpg 300w, https:\/\/happyfrogstudio.com\/wp-content\/uploads\/2022\/01\/pexels-pavel-danilyuk-7521305-1024x684.jpg 1024w, https:\/\/happyfrogstudio.com\/wp-content\/uploads\/2022\/01\/pexels-pavel-danilyuk-7521305-768x513.jpg 768w, https:\/\/happyfrogstudio.com\/wp-content\/uploads\/2022\/01\/pexels-pavel-danilyuk-7521305-391x260.jpg 391w, https:\/\/happyfrogstudio.com\/wp-content\/uploads\/2022\/01\/pexels-pavel-danilyuk-7521305-1536x1025.jpg 1536w, https:\/\/happyfrogstudio.com\/wp-content\/uploads\/2022\/01\/pexels-pavel-danilyuk-7521305-2048x1367.jpg 2048w, https:\/\/happyfrogstudio.com\/wp-content\/uploads\/2022\/01\/pexels-pavel-danilyuk-7521305-18x12.jpg 18w\" sizes=\"(max-width: 2560px) 100vw, 2560px\" alt=\"Ni\u00f1a_cantando_atril\" \/>\n                      <div class=\"h-image__frame h-hide-sm style-545-frameImage style-local-799-c9-frameImage\"><\/div>\n                    <\/div>\n                  <\/div>\n                <\/div>\n              <\/div>\n            <\/div>\n          <\/div>\n          <div class=\"h-column h-column-container d-flex h-col-lg-6 h-col-md-6 h-col-12 style-546-outer style-local-799-c10-outer\">\n            <div data-colibri-id=\"799-c10\" class=\"d-flex h-flex-basis h-column__inner h-px-lg-0 h-px-md-0 h-px-2 v-inner-lg-0 v-inner-md-0 v-inner-2 style-546 style-local-799-c10 position-relative\">\n              <!---->\n              <!---->\n              <div class=\"w-100 h-y-container h-column__content h-column__v-align flex-basis-100 align-self-lg-center align-self-md-center align-self-center\">\n                <!---->\n                <div data-colibri-id=\"799-c11\" class=\"h-global-transition-all h-heading style-547 style-local-799-c11 position-relative h-element\">\n                  <!---->\n                  <div class=\"h-heading__outer style-547 style-local-799-c11\">\n                    <!---->\n                    <!---->\n                    <h3 class=\"\">Singing and benefits<\/h3>\n                  <\/div>\n                <\/div>\n                <div data-colibri-id=\"799-c12\" class=\"h-text h-text-component style-548 style-local-799-c12 position-relative h-element\">\n                  <!---->\n                  <!---->\n                  <div class=\"\">\n                    <p>Singing is an aerobic exercise, it demands a great deal of energy and a large number of muscle groups are involved in the production of the sound.<\/p>\n                    <p>Unlike other instruments external to the body, singing is also a deeply emotional experience.<\/p>\n                    <p>These two aspects together: physical and emotional; help to maintain a balance in our body, improve oxygenation, strengthen lung capacity and is effective in calming anxiety.<\/p>\n                    <p>\n                      <br>\n                    <\/p>\n                    <p>\n                      <br>\n                    <\/p>\n                  <\/div>\n                <\/div>\n              <\/div>\n            <\/div>\n          <\/div>\n        <\/div>\n      <\/div>\n    <\/div>\n  <\/div>\n<\/div>","protected":false},"excerpt":{"rendered":"<p>Cantar y sus beneficios Cantar es un ejercicio aer\u00f3bico, demanda gran cantidad de energ\u00eda y en la producci\u00f3n del sonido participan una gran n\u00famero de conjuntos de m\u00fasculos. A diferencia de otros instrumentos externos al cuerpo, cantar es, tambi\u00e9n una experiencia profundamente emocional. Estos dos aspectos unidos: f\u00edsico y emocional; ayudan a mantener un equilibrio [&hellip;]<\/p>","protected":false},"author":1,"featured_media":1055,"parent":0,"menu_order":0,"comment_status":"closed","ping_status":"closed","template":"page-templates\/full-width-page.php","meta":[],"aioseo_notices":[],"_links":{"self":[{"href":"https:\/\/happyfrogstudio.com\/en\/wp-json\/wp\/v2\/pages\/799"}],"collection":[{"href":"https:\/\/happyfrogstudio.com\/en\/wp-json\/wp\/v2\/pages"}],"about":[{"href":"https:\/\/happyfrogstudio.com\/en\/wp-json\/wp\/v2\/types\/page"}],"author":[{"embeddable":true,"href":"https:\/\/happyfrogstudio.com\/en\/wp-json\/wp\/v2\/users\/1"}],"replies":[{"embeddable":true,"href":"https:\/\/happyfrogstudio.com\/en\/wp-json\/wp\/v2\/comments?post=799"}],"version-history":[{"count":5,"href":"https:\/\/happyfrogstudio.com\/en\/wp-json\/wp\/v2\/pages\/799\/revisions"}],"predecessor-version":[{"id":1139,"href":"https:\/\/happyfrogstudio.com\/en\/wp-json\/wp\/v2\/pages\/799\/revisions\/1139"}],"wp:featuredmedia":[{"embeddable":true,"href":"https:\/\/happyfrogstudio.com\/en\/wp-json\/wp\/v2\/media\/1055"}],"wp:attachment":[{"href":"https:\/\/happyfrogstudio.com\/en\/wp-json\/wp\/v2\/media?parent=799"}],"curies":[{"name":"wp","href":"https:\/\/api.w.org\/{rel}","templated":true}]}}