{"id":1085,"date":"2022-01-26T18:27:54","date_gmt":"2022-01-26T17:27:54","guid":{"rendered":"http:\/\/happyfrogstudio.com\/?page_id=1085"},"modified":"2022-07-24T18:26:41","modified_gmt":"2022-07-24T17:26:41","slug":"proyectos-musicales","status":"publish","type":"page","link":"https:\/\/happyfrogstudio.com\/es_es\/proyectos-musicales\/","title":{"rendered":"proyectos musicales"},"content":{"rendered":"<div data-colibri-id=\"1085-c1\" class=\"style-616 style-local-1085-c1 position-relative\">\n  <!---->\n  <div data-colibri-component=\"section\" data-colibri-id=\"1085-c2\" id=\"custom\" class=\"h-section h-section-global-spacing d-flex align-items-lg-center align-items-md-center align-items-center style-617 style-local-1085-c2 position-relative\">\n    <!---->\n    <!---->\n    <div class=\"h-section-grid-container h-section-boxed-container\">\n      <!---->\n      <div data-colibri-id=\"1085-c3\" class=\"h-row-container gutters-row-lg-2 gutters-row-md-2 gutters-row-0 gutters-row-v-lg-2 gutters-row-v-md-2 gutters-row-v-2 style-618 style-local-1085-c3 position-relative\">\n        <!---->\n        <div class=\"h-row justify-content-lg-center justify-content-md-center justify-content-center align-items-lg-stretch align-items-md-stretch align-items-stretch gutters-col-lg-2 gutters-col-md-2 gutters-col-0 gutters-col-v-lg-2 gutters-col-v-md-2 gutters-col-v-2\">\n          <!---->\n          <div class=\"h-column h-column-container d-flex h-col-lg-6 h-col-md-6 h-col-12 style-619-outer style-local-1085-c4-outer\">\n            <div data-colibri-id=\"1085-c4\" class=\"d-flex h-flex-basis h-column__inner h-px-lg-2 h-px-md-2 h-px-2 v-inner-lg-2 v-inner-md-2 v-inner-2 style-619 style-local-1085-c4 position-relative\">\n              <!---->\n              <!---->\n              <div class=\"w-100 h-y-container h-column__content h-column__v-align flex-basis-100 align-self-lg-start align-self-md-start align-self-start\">\n                <!---->\n                <div data-colibri-id=\"1085-c5\" class=\"d-block style-620 style-local-1085-c5 position-relative h-element\">\n                  <!---->\n                  <div class=\"h-image__frame-container-outer\">\n                    <div class=\"h-image__frame-container\">\n                      <!---->\n                      <!---->\n                      <img decoding=\"async\" loading=\"lazy\" width=\"2560\" height=\"1334\" src=\"http:\/\/happyfrogstudio.com\/wp-content\/uploads\/2022\/01\/micro_happy_head-min_compressedmax-scaled.jpeg\" class=\"wp-image-91 style-620-image style-local-1085-c5-image\" srcset=\"https:\/\/happyfrogstudio.com\/wp-content\/uploads\/2022\/01\/micro_happy_head-min_compressedmax-scaled.jpeg 2560w, https:\/\/happyfrogstudio.com\/wp-content\/uploads\/2022\/01\/micro_happy_head-min_compressedmax-300x156.jpeg 300w, https:\/\/happyfrogstudio.com\/wp-content\/uploads\/2022\/01\/micro_happy_head-min_compressedmax-1024x534.jpeg 1024w, https:\/\/happyfrogstudio.com\/wp-content\/uploads\/2022\/01\/micro_happy_head-min_compressedmax-768x400.jpeg 768w, https:\/\/happyfrogstudio.com\/wp-content\/uploads\/2022\/01\/micro_happy_head-min_compressedmax-1536x800.jpeg 1536w, https:\/\/happyfrogstudio.com\/wp-content\/uploads\/2022\/01\/micro_happy_head-min_compressedmax-2048x1067.jpeg 2048w, https:\/\/happyfrogstudio.com\/wp-content\/uploads\/2022\/01\/micro_happy_head-min_compressedmax-18x9.jpeg 18w\" sizes=\"(max-width: 2560px) 100vw, 2560px\" alt=\"happyfrogstudio\" \/>\n                      <div class=\"h-image__frame h-hide-lg h-hide-md h-hide-sm style-620-frameImage style-local-1085-c5-frameImage\"><\/div>\n                    <\/div>\n                  <\/div>\n                <\/div>\n              <\/div>\n            <\/div>\n          <\/div>\n        <\/div>\n      <\/div>\n    <\/div>\n  <\/div>\n  <div data-colibri-component=\"section\" data-colibri-id=\"1085-c6\" id=\"features\" class=\"h-section h-section-global-spacing d-flex align-items-lg-center align-items-md-center align-items-center style-621 style-local-1085-c6 position-relative\">\n    <!---->\n    <!---->\n    <div class=\"h-section-grid-container h-section-boxed-container\">\n      <div data-colibri-id=\"1085-c17\" class=\"h-row-container gutters-row-lg-2 gutters-row-md-2 gutters-row-2 gutters-row-v-lg-2 gutters-row-v-md-2 gutters-row-v-2 style-629 style-local-1085-c17 position-relative\">\n        <!---->\n        <div class=\"h-row justify-content-lg-center justify-content-md-center justify-content-center align-items-lg-stretch align-items-md-stretch align-items-stretch gutters-col-lg-2 gutters-col-md-2 gutters-col-2 gutters-col-v-lg-2 gutters-col-v-md-2 gutters-col-v-2\">\n          <!---->\n          <div class=\"h-column h-column-container d-flex h-col-lg-auto h-col-md-auto h-col-auto style-630-outer style-local-1085-c18-outer\">\n            <div data-colibri-id=\"1085-c18\" class=\"d-flex h-flex-basis h-column__inner h-px-lg-2 h-px-md-2 h-px-2 v-inner-lg-2 v-inner-md-2 v-inner-2 style-630 style-local-1085-c18 position-relative\">\n              <!---->\n              <!---->\n              <div class=\"w-100 h-y-container h-column__content h-column__v-align flex-basis-100 align-self-lg-start align-self-md-start align-self-start\">\n                <!---->\n                <div data-colibri-id=\"1085-c19\" class=\"h-global-transition-all h-heading style-631 style-local-1085-c19 position-relative h-element\">\n                  <!---->\n                  <div class=\"h-heading__outer style-631 style-local-1085-c19\">\n                    <!---->\n                    <!---->\n                    <h2 class=\"\">Proyectos musicales<\/h2>\n                  <\/div>\n                <\/div>\n              <\/div>\n            <\/div>\n          <\/div>\n        <\/div>\n      <\/div>\n      <div data-colibri-id=\"1085-c7\" class=\"h-row-container gutters-row-lg-2 gutters-row-md-2 gutters-row-2 gutters-row-v-lg-2 gutters-row-v-md-2 gutters-row-v-2 style-622 style-local-1085-c7 position-relative\">\n        <!---->\n        <div class=\"h-row justify-content-lg-center justify-content-md-center justify-content-center align-items-lg-stretch align-items-md-stretch align-items-stretch gutters-col-lg-2 gutters-col-md-2 gutters-col-2 gutters-col-v-lg-2 gutters-col-v-md-2 gutters-col-v-2\">\n          <!---->\n          <div class=\"h-column h-column-container d-flex h-col-lg-4 h-col-md-6 h-col-12 style-623-outer style-local-1085-c8-outer\">\n            <div data-colibri-id=\"1085-c8\" class=\"d-flex h-flex-basis h-column__inner h-px-lg-0 h-px-md-0 h-px-0 v-inner-lg-0 v-inner-md-0 v-inner-0 style-623 style-local-1085-c8 position-relative\">\n              <!---->\n              <!---->\n              <div class=\"w-100 h-y-container h-column__content h-column__v-align flex-basis-100 align-self-lg-start align-self-md-start align-self-start\">\n                <!---->\n                <div data-colibri-id=\"1085-c9\" class=\"h-global-transition-all h-heading style-625 style-local-1085-c9 position-relative h-element\">\n                  <!---->\n                  <div class=\"h-heading__outer style-625 style-local-1085-c9\">\n                    <!---->\n                    <!---->\n                    <h4 class=\"\">Red Balance<\/h4>\n                  <\/div>\n                <\/div>\n                <div data-colibri-id=\"1085-c10\" class=\"d-block style-632 style-local-1085-c10 position-relative h-element\">\n                  <!---->\n                  <div class=\"h-image__frame-container-outer\">\n                    <div class=\"h-image__frame-container\">\n                      <!---->\n                      <!---->\n                      <img decoding=\"async\" loading=\"lazy\" width=\"2560\" height=\"1707\" src=\"http:\/\/happyfrogstudio.com\/wp-content\/uploads\/2022\/02\/Red-Balance-scaled.jpg\" class=\"wp-image-1344 style-632-image style-local-1085-c10-image\" srcset=\"https:\/\/happyfrogstudio.com\/wp-content\/uploads\/2022\/02\/Red-Balance-scaled.jpg 2560w, https:\/\/happyfrogstudio.com\/wp-content\/uploads\/2022\/02\/Red-Balance-300x200.jpg 300w, https:\/\/happyfrogstudio.com\/wp-content\/uploads\/2022\/02\/Red-Balance-1024x683.jpg 1024w, https:\/\/happyfrogstudio.com\/wp-content\/uploads\/2022\/02\/Red-Balance-768x512.jpg 768w, https:\/\/happyfrogstudio.com\/wp-content\/uploads\/2022\/02\/Red-Balance-391x260.jpg 391w, https:\/\/happyfrogstudio.com\/wp-content\/uploads\/2022\/02\/Red-Balance-1536x1024.jpg 1536w, https:\/\/happyfrogstudio.com\/wp-content\/uploads\/2022\/02\/Red-Balance-2048x1365.jpg 2048w, https:\/\/happyfrogstudio.com\/wp-content\/uploads\/2022\/02\/Red-Balance-18x12.jpg 18w\" sizes=\"(max-width: 2560px) 100vw, 2560px\" alt=\"Red Balance\" \/>\n                      <div class=\"h-image__frame h-hide-lg h-hide-md h-hide-sm style-632-frameImage style-local-1085-c10-frameImage\"><\/div>\n                    <\/div>\n                  <\/div>\n                <\/div>\n                <div data-colibri-id=\"1085-c11\" class=\"h-x-container style-627 style-local-1085-c11 position-relative h-element\">\n                  <!---->\n                  <div class=\"h-x-container-inner style-dynamic-1085-c11-group style-627-spacing style-local-1085-c11-spacing\"><span class=\"h-link__outer style-628-outer style-local-1085-c12-outer d-inline-flex h-element\"><a h-use-smooth-scroll=\"true\" href=\"https:\/\/open.spotify.com\/artist\/0enE1GbtOP6GFZuUkBxjIE\"  data-colibri-id=\"1085-c12\" class=\"d-flex w-100 align-items-center h-link style-628 style-local-1085-c12 position-relative\"><!----><!----> <span>Red balance official<\/span>                    <span class=\"h-svg-icon h-link__icon style-628-icon style-local-1085-c12-icon\"><!--Icon by Icons8 Line Awesome (https:\/\/icons8.com\/line-awesome)--><svg version=\"1.1\" xmlns=\"http:\/\/www.w3.org\/2000\/svg\" xmlns:xlink=\"http:\/\/www.w3.org\/1999\/xlink\" id=\"angle-double-right\" viewBox=\"0 0 512 545.5\"><path d=\"M145.5 108.5l168 168L325 288l-11.5 11.5-168 168-22.5-23L279.5 288 123 131.5zm112 0l168 168L437 288l-11.5 11.5-168 168-22.5-23L391.5 288 235 131.5z\"><\/path><\/svg><\/span><\/a>\n                    <\/span>\n                  <\/div>\n                <\/div>\n              <\/div>\n            <\/div>\n          <\/div>\n          <div class=\"h-column h-column-container d-flex h-col-lg-4 h-col-md-6 h-col-12 style-623-outer style-local-1085-c13-outer\">\n            <div data-colibri-id=\"1085-c13\" class=\"d-flex h-flex-basis h-column__inner h-px-lg-0 h-px-md-0 h-px-0 v-inner-lg-0 v-inner-md-0 v-inner-0 style-623 style-local-1085-c13 position-relative\">\n              <!---->\n              <!---->\n              <div class=\"w-100 h-y-container h-column__content h-column__v-align flex-basis-100 align-self-lg-start align-self-md-start align-self-start\">\n                <!---->\n                <div data-colibri-id=\"1085-c14\" class=\"h-global-transition-all h-heading style-625 style-local-1085-c14 position-relative h-element\">\n                  <!---->\n                  <div class=\"h-heading__outer style-625 style-local-1085-c14\">\n                    <!---->\n                    <!---->\n                    <h4 class=\"\">Alien Steak Project<\/h4>\n                  <\/div>\n                <\/div>\n                <div data-colibri-id=\"1085-c15\" class=\"d-block style-634 style-local-1085-c15 position-relative h-element\">\n                  <!---->\n                  <div class=\"h-image__frame-container-outer\">\n                    <div class=\"h-image__frame-container\">\n                      <!---->\n                      <!---->\n                      <img decoding=\"async\" loading=\"lazy\" width=\"2560\" height=\"1706\" src=\"http:\/\/happyfrogstudio.com\/wp-content\/uploads\/2022\/02\/ALIENStake-scaled.jpg\" class=\"wp-image-1352 style-634-image style-local-1085-c15-image\" srcset=\"https:\/\/happyfrogstudio.com\/wp-content\/uploads\/2022\/02\/ALIENStake-scaled.jpg 2560w, https:\/\/happyfrogstudio.com\/wp-content\/uploads\/2022\/02\/ALIENStake-300x200.jpg 300w, https:\/\/happyfrogstudio.com\/wp-content\/uploads\/2022\/02\/ALIENStake-1024x683.jpg 1024w, https:\/\/happyfrogstudio.com\/wp-content\/uploads\/2022\/02\/ALIENStake-768x512.jpg 768w, https:\/\/happyfrogstudio.com\/wp-content\/uploads\/2022\/02\/ALIENStake-391x260.jpg 391w, https:\/\/happyfrogstudio.com\/wp-content\/uploads\/2022\/02\/ALIENStake-1536x1024.jpg 1536w, https:\/\/happyfrogstudio.com\/wp-content\/uploads\/2022\/02\/ALIENStake-2048x1365.jpg 2048w, https:\/\/happyfrogstudio.com\/wp-content\/uploads\/2022\/02\/ALIENStake-18x12.jpg 18w\" sizes=\"(max-width: 2560px) 100vw, 2560px\" alt=\"ALIENStake\" \/>\n                      <div class=\"h-image__frame h-hide-lg h-hide-md h-hide-sm style-634-frameImage style-local-1085-c15-frameImage\"><\/div>\n                    <\/div>\n                  <\/div>\n                <\/div>\n                <div data-colibri-id=\"1085-c16\" class=\"h-text h-text-component style-626 style-local-1085-c16 position-relative h-element\">\n                  <!---->\n                  <!---->\n                  <div class=\"\">\n                    <p>Pr\u00f3ximamente Alien Steak Project<\/p>\n                    <p>\u00a1en directo AC\u00daSTICO!\n                      <br>\n                    <\/p>\n                    <p>\n                      <br>\n                    <\/p>\n                  <\/div>\n                <\/div>\n              <\/div>\n            <\/div>\n          <\/div>\n        <\/div>\n      <\/div>\n    <\/div>\n  <\/div>\n  <div data-colibri-component=\"section\" data-colibri-id=\"1085-c20\" id=\"custom-2\" class=\"h-section h-section-global-spacing d-flex align-items-lg-center align-items-md-center align-items-center style-659 style-local-1085-c20 position-relative\">\n    <!---->\n    <!---->\n    <div class=\"h-section-grid-container h-section-boxed-container\">\n      <!---->\n      <div data-colibri-id=\"1085-c21\" class=\"h-row-container gutters-row-lg-2 gutters-row-md-2 gutters-row-0 gutters-row-v-lg-2 gutters-row-v-md-2 gutters-row-v-2 style-660 style-local-1085-c21 position-relative\">\n        <!---->\n        <div class=\"h-row justify-content-lg-center justify-content-md-center justify-content-center align-items-lg-stretch align-items-md-stretch align-items-stretch gutters-col-lg-2 gutters-col-md-2 gutters-col-0 gutters-col-v-lg-2 gutters-col-v-md-2 gutters-col-v-2\">\n          <!---->\n          <div class=\"h-column h-column-container d-flex h-col-lg-auto h-col-md-auto h-col-auto style-661-outer style-local-1085-c22-outer\">\n            <div data-colibri-id=\"1085-c22\" class=\"d-flex h-flex-basis h-column__inner h-px-lg-2 h-px-md-2 h-px-2 v-inner-lg-2 v-inner-md-2 v-inner-2 style-661 style-local-1085-c22 position-relative\">\n              <!---->\n              <!---->\n              <div class=\"w-100 h-y-container h-column__content h-column__v-align flex-basis-100 align-self-lg-start align-self-md-start align-self-start\">\n                <!---->\n                <div data-colibri-id=\"1085-c23\" class=\"d-block style-663 style-local-1085-c23 position-relative h-element\">\n                  <!---->\n                  <div class=\"h-image__frame-container-outer\">\n                    <div class=\"h-image__frame-container\">\n                      <!---->\n                      <!---->\n                      <img decoding=\"async\" loading=\"lazy\" width=\"960\" height=\"636\" src=\"http:\/\/happyfrogstudio.com\/wp-content\/uploads\/2022\/02\/alien_live2.jpg\" class=\"wp-image-1383 style-663-image style-local-1085-c23-image\" srcset=\"https:\/\/happyfrogstudio.com\/wp-content\/uploads\/2022\/02\/alien_live2.jpg 960w, https:\/\/happyfrogstudio.com\/wp-content\/uploads\/2022\/02\/alien_live2-300x199.jpg 300w, https:\/\/happyfrogstudio.com\/wp-content\/uploads\/2022\/02\/alien_live2-768x509.jpg 768w, https:\/\/happyfrogstudio.com\/wp-content\/uploads\/2022\/02\/alien_live2-391x260.jpg 391w, https:\/\/happyfrogstudio.com\/wp-content\/uploads\/2022\/02\/alien_live2-18x12.jpg 18w\" sizes=\"(max-width: 960px) 100vw, 960px\" alt=\"alien_live2\" \/>\n                      <div class=\"h-image__frame h-hide-lg h-hide-md h-hide-sm style-663-frameImage style-local-1085-c23-frameImage\"><\/div>\n                    <\/div>\n                  <\/div>\n                <\/div>\n              <\/div>\n            <\/div>\n          <\/div>\n          <div class=\"h-column h-column-container d-flex h-col-lg-auto h-col-md-auto h-col-auto style-662-outer style-local-1085-c24-outer\">\n            <div data-colibri-id=\"1085-c24\" class=\"d-flex h-flex-basis h-column__inner h-px-lg-2 h-px-md-2 h-px-2 v-inner-lg-2 v-inner-md-2 v-inner-2 style-662 style-local-1085-c24 position-relative\">\n              <!---->\n              <!---->\n              <div class=\"w-100 h-y-container h-column__content h-column__v-align flex-basis-100 align-self-lg-start align-self-md-start align-self-start\">\n                <!---->\n                <div data-colibri-id=\"1085-c25\" class=\"d-block style-664 style-local-1085-c25 position-relative h-element\">\n                  <!---->\n                  <div class=\"h-image__frame-container-outer\">\n                    <div class=\"h-image__frame-container\">\n                      <!---->\n                      <!---->\n                      <img decoding=\"async\" loading=\"lazy\" width=\"960\" height=\"636\" src=\"http:\/\/happyfrogstudio.com\/wp-content\/uploads\/2022\/02\/raf_live3.jpg\" class=\"wp-image-1384 style-664-image style-local-1085-c25-image\" srcset=\"https:\/\/happyfrogstudio.com\/wp-content\/uploads\/2022\/02\/raf_live3.jpg 960w, https:\/\/happyfrogstudio.com\/wp-content\/uploads\/2022\/02\/raf_live3-300x199.jpg 300w, https:\/\/happyfrogstudio.com\/wp-content\/uploads\/2022\/02\/raf_live3-768x509.jpg 768w, https:\/\/happyfrogstudio.com\/wp-content\/uploads\/2022\/02\/raf_live3-391x260.jpg 391w, https:\/\/happyfrogstudio.com\/wp-content\/uploads\/2022\/02\/raf_live3-18x12.jpg 18w\" sizes=\"(max-width: 960px) 100vw, 960px\" alt=\"raf_live3\" \/>\n                      <div class=\"h-image__frame h-hide-lg h-hide-md h-hide-sm style-664-frameImage style-local-1085-c25-frameImage\"><\/div>\n                    <\/div>\n                  <\/div>\n                <\/div>\n              <\/div>\n            <\/div>\n          <\/div>\n        <\/div>\n      <\/div>\n      <div data-colibri-id=\"1085-c26\" class=\"h-row-container gutters-row-lg-2 gutters-row-md-2 gutters-row-0 gutters-row-v-lg-2 gutters-row-v-md-2 gutters-row-v-2 style-671 style-local-1085-c26 position-relative\">\n        <!---->\n        <div class=\"h-row justify-content-lg-center justify-content-md-center justify-content-center align-items-lg-stretch align-items-md-stretch align-items-stretch gutters-col-lg-2 gutters-col-md-2 gutters-col-0 gutters-col-v-lg-2 gutters-col-v-md-2 gutters-col-v-2\">\n          <!---->\n          <div class=\"h-column h-column-container d-flex h-col-lg-auto h-col-md-auto h-col-auto style-672-outer style-local-1085-c27-outer\">\n            <div data-colibri-id=\"1085-c27\" class=\"d-flex h-flex-basis h-column__inner h-px-lg-2 h-px-md-2 h-px-2 v-inner-lg-2 v-inner-md-2 v-inner-2 style-672 style-local-1085-c27 position-relative\">\n              <!---->\n              <!---->\n              <div class=\"w-100 h-y-container h-column__content h-column__v-align flex-basis-100 align-self-lg-start align-self-md-start align-self-start\">\n                <!---->\n                <div data-colibri-id=\"1085-c28\" class=\"h-text h-text-component style-670 style-local-1085-c28 position-relative h-element\">\n                  <!---->\n                  <!---->\n                  <div class=\"\">\n                    <p>\n                      <br>\n                    <\/p>\n                    <p><span style=\"font-family: Times New Roman, serif; font-size: 12pt;\"> <\/span>Desde muy joven, la m\u00fasica es una de mis pasiones. Mi padre era un gran aficionado al rock y al flamenco, y yo crec\u00ed escuchando esta m\u00fasica. Empec\u00e9 a cantar\n                      en coros y conjuntos cl\u00e1sicos y profundic\u00e9 en la t\u00e9cnica vocal pero, de alguna manera, no cumpl\u00eda mis espectativas, aunque disfrut\u00e9 y aprend\u00ed mucho en esta etapa de mi vida. As\u00ed que, hace unos a\u00f1os, entr\u00e9 a formar parte de la banda\n                      local R.A.F. con un repertorio de blues rock cubriendo bandas como Whitesnake, Sass Jordan o Thin Lizzy. Sigo formando parte de este maravilloso grupo de amigos e increibles m\u00fasicos. Juntos, llevamos un tiempo trabajando en un proyecto\n                      nuevo, Alien Steak Project, muy ilusionante, con un repertorio muy escogido de grandes temas y que esperamos presentar muy pronto.<\/p>\n                    <p>Paralelamente, se ha hecho realidad Red Balance, juntos con mis queridos Rafa L\u00e1zaro y Carlos Z. Red Balance no es s\u00f3lo una banda de rock, sino casi una declaraci\u00f3n sobre c\u00f3mo mantenerse fiel a las ra\u00edces y seguir avanzando estil\u00edsticamente.\n                      Compartimos un profundo amor por el rock y creemos en el poder de la m\u00fasica para contar historias. Red Balance abraza los recuerdos del rock de anta\u00f1o entrelazados con nuevos sonidos modernos, una mezcla de riffs cl\u00e1sicos y elegantes,\n                      voces mel\u00f3dicas pero potentes y trazos de m\u00fasica progresiva y electr\u00f3nica.<\/p>\n                    <p>Adem\u00e1s, he completado mis estudios como profesora autorizada de la T\u00e9cnica Vocal Completa, lo que significa que estoy&nbsp;(\u00a1por fin!) capacitada para ense\u00f1ar t\u00e9cnica vocal en todos los g\u00e9neros, incluyendo los m\u00e1s potentes y crudos\n                      \ud83e\udd18\ud83e\udd18\ud83e\udd18\n                      <br>\n                    <\/p>\n                  <\/div>\n                <\/div>\n              <\/div>\n            <\/div>\n          <\/div>\n        <\/div>\n      <\/div>\n    <\/div>\n  <\/div>\n<\/div>","protected":false},"excerpt":{"rendered":"<p>Proyectos musicales Red Balance Red balance official Alien Steak Project Pr\u00f3ximamente Alien Steak Project \u00a1en directo AC\u00daSTICO! Desde muy joven, la m\u00fasica es una de mis pasiones. Mi padre era un gran aficionado al rock y al flamenco, y yo crec\u00ed escuchando esta m\u00fasica. Empec\u00e9 a cantar en coros y conjuntos cl\u00e1sicos y profundic\u00e9 en [&hellip;]<\/p>\n","protected":false},"author":1,"featured_media":0,"parent":0,"menu_order":0,"comment_status":"closed","ping_status":"closed","template":"page-templates\/full-width-page.php","meta":[],"aioseo_notices":[],"_links":{"self":[{"href":"https:\/\/happyfrogstudio.com\/es_es\/wp-json\/wp\/v2\/pages\/1085"}],"collection":[{"href":"https:\/\/happyfrogstudio.com\/es_es\/wp-json\/wp\/v2\/pages"}],"about":[{"href":"https:\/\/happyfrogstudio.com\/es_es\/wp-json\/wp\/v2\/types\/page"}],"author":[{"embeddable":true,"href":"https:\/\/happyfrogstudio.com\/es_es\/wp-json\/wp\/v2\/users\/1"}],"replies":[{"embeddable":true,"href":"https:\/\/happyfrogstudio.com\/es_es\/wp-json\/wp\/v2\/comments?post=1085"}],"version-history":[{"count":11,"href":"https:\/\/happyfrogstudio.com\/es_es\/wp-json\/wp\/v2\/pages\/1085\/revisions"}],"predecessor-version":[{"id":1569,"href":"https:\/\/happyfrogstudio.com\/es_es\/wp-json\/wp\/v2\/pages\/1085\/revisions\/1569"}],"wp:attachment":[{"href":"https:\/\/happyfrogstudio.com\/es_es\/wp-json\/wp\/v2\/media?parent=1085"}],"curies":[{"name":"wp","href":"https:\/\/api.w.org\/{rel}","templated":true}]}}