{"id":224,"date":"2022-01-04T20:37:59","date_gmt":"2022-01-04T19:37:59","guid":{"rendered":"http:\/\/happyfrogstudio.com\/?page_id=224"},"modified":"2022-02-02T10:29:00","modified_gmt":"2022-02-02T09:29:00","slug":"canta-lo-que-te-gusta","status":"publish","type":"page","link":"https:\/\/happyfrogstudio.com\/es_es\/canta-lo-que-te-gusta\/","title":{"rendered":"canta lo que te gusta"},"content":{"rendered":"<div data-colibri-id=\"224-c1\" class=\"style-367 style-local-224-c1 position-relative\">\n  <!---->\n  <div data-colibri-component=\"section\" data-colibri-id=\"224-c2\" id=\"custom\" class=\"h-section h-section-global-spacing d-flex align-items-lg-center align-items-md-center align-items-center style-499 style-local-224-c2 position-relative\">\n    <!---->\n    <!---->\n    <div class=\"h-section-grid-container h-section-boxed-container\">\n      <!---->\n      <div data-colibri-id=\"224-c3\" class=\"h-row-container gutters-row-lg-2 gutters-row-md-2 gutters-row-0 gutters-row-v-lg-2 gutters-row-v-md-2 gutters-row-v-2 style-500 style-local-224-c3 position-relative\">\n        <!---->\n        <div class=\"h-row justify-content-lg-center justify-content-md-center justify-content-center align-items-lg-stretch align-items-md-stretch align-items-stretch gutters-col-lg-2 gutters-col-md-2 gutters-col-0 gutters-col-v-lg-2 gutters-col-v-md-2 gutters-col-v-2\">\n          <!---->\n          <div class=\"h-column h-column-container d-flex h-col-lg-6 h-col-md-6 h-col-12 style-501-outer style-local-224-c4-outer\">\n            <div data-colibri-id=\"224-c4\" class=\"d-flex h-flex-basis h-column__inner h-px-lg-2 h-px-md-2 h-px-2 v-inner-lg-2 v-inner-md-2 v-inner-2 style-501 style-local-224-c4 position-relative\">\n              <!---->\n              <!---->\n              <div class=\"w-100 h-y-container h-column__content h-column__v-align flex-basis-100 align-self-lg-start align-self-md-start align-self-start\">\n                <!---->\n                <div data-colibri-id=\"224-c5\" class=\"d-block style-502 style-local-224-c5 position-relative h-element\">\n                  <!---->\n                  <div class=\"h-image__frame-container-outer\">\n                    <div class=\"h-image__frame-container\">\n                      <!---->\n                      <!---->\n                      <img decoding=\"async\" loading=\"lazy\" width=\"2560\" height=\"1334\" src=\"http:\/\/happyfrogstudio.com\/wp-content\/uploads\/2022\/01\/micro_happy_head-min_compressedmax-scaled.jpeg\" class=\"wp-image-91 style-502-image style-local-224-c5-image\" srcset=\"https:\/\/happyfrogstudio.com\/wp-content\/uploads\/2022\/01\/micro_happy_head-min_compressedmax-scaled.jpeg 2560w, https:\/\/happyfrogstudio.com\/wp-content\/uploads\/2022\/01\/micro_happy_head-min_compressedmax-300x156.jpeg 300w, https:\/\/happyfrogstudio.com\/wp-content\/uploads\/2022\/01\/micro_happy_head-min_compressedmax-1024x534.jpeg 1024w, https:\/\/happyfrogstudio.com\/wp-content\/uploads\/2022\/01\/micro_happy_head-min_compressedmax-768x400.jpeg 768w, https:\/\/happyfrogstudio.com\/wp-content\/uploads\/2022\/01\/micro_happy_head-min_compressedmax-1536x800.jpeg 1536w, https:\/\/happyfrogstudio.com\/wp-content\/uploads\/2022\/01\/micro_happy_head-min_compressedmax-2048x1067.jpeg 2048w, https:\/\/happyfrogstudio.com\/wp-content\/uploads\/2022\/01\/micro_happy_head-min_compressedmax-18x9.jpeg 18w\" sizes=\"(max-width: 2560px) 100vw, 2560px\" alt=\"happyfrogstudio\" \/>\n                      <div class=\"h-image__frame h-hide-lg h-hide-md h-hide-sm style-502-frameImage style-local-224-c5-frameImage\"><\/div>\n                    <\/div>\n                  <\/div>\n                <\/div>\n              <\/div>\n            <\/div>\n          <\/div>\n        <\/div>\n      <\/div>\n    <\/div>\n  <\/div>\n  <div data-colibri-component=\"section\" data-colibri-id=\"224-c10\" id=\"content\" class=\"h-section h-section-global-spacing d-flex align-items-lg-center align-items-md-center align-items-center style-560 style-local-224-c10 position-relative\">\n    <!---->\n    <!---->\n    <div class=\"h-section-grid-container h-section-boxed-container\">\n      <!---->\n      <div data-colibri-id=\"224-c11\" class=\"h-row-container gutters-row-lg-2 gutters-row-md-1 gutters-row-2 gutters-row-v-lg-2 gutters-row-v-md-1 gutters-row-v-2 style-561 style-local-224-c11 position-relative\">\n        <!---->\n        <div class=\"h-row justify-content-lg-center justify-content-md-center justify-content-center align-items-lg-stretch align-items-md-stretch align-items-stretch gutters-col-lg-2 gutters-col-md-1 gutters-col-2 gutters-col-v-lg-2 gutters-col-v-md-1 gutters-col-v-2\">\n          <!---->\n          <div class=\"h-column h-column-container d-flex h-col-lg-6 h-col-md-6 h-col-12 style-562-outer style-local-224-c12-outer\">\n            <div data-colibri-id=\"224-c12\" class=\"d-flex h-flex-basis h-column__inner h-px-lg-0 h-px-md-2 h-px-0 v-inner-lg-0 v-inner-md-2 v-inner-0 style-562 style-local-224-c12 position-relative\">\n              <!---->\n              <!---->\n              <div class=\"w-100 h-y-container h-column__content h-column__v-align flex-basis-100 align-self-lg-center align-self-md-center align-self-center\">\n                <!---->\n                <div data-colibri-id=\"224-c13\" class=\"d-block style-563 style-local-224-c13 position-relative h-element\">\n                  <!---->\n                  <div class=\"h-image__frame-container-outer\">\n                    <div class=\"h-image__frame-container\">\n                      <!---->\n                      <!---->\n                      <img decoding=\"async\" loading=\"lazy\" width=\"255\" height=\"340\" src=\"http:\/\/happyfrogstudio.com\/wp-content\/uploads\/2022\/02\/sings-my-soul.jpg\" class=\"wp-image-1144 style-563-image style-local-224-c13-image\" srcset=\"https:\/\/happyfrogstudio.com\/wp-content\/uploads\/2022\/02\/sings-my-soul.jpg 255w, https:\/\/happyfrogstudio.com\/wp-content\/uploads\/2022\/02\/sings-my-soul-225x300.jpg 225w, https:\/\/happyfrogstudio.com\/wp-content\/uploads\/2022\/02\/sings-my-soul-9x12.jpg 9w\" sizes=\"(max-width: 255px) 100vw, 255px\" alt=\"sings my soul\" \/>\n                      <div class=\"h-image__frame h-hide-sm style-563-frameImage style-local-224-c13-frameImage\"><\/div>\n                    <\/div>\n                  <\/div>\n                <\/div>\n              <\/div>\n            <\/div>\n          <\/div>\n          <div class=\"h-column h-column-container d-flex h-col-lg-6 h-col-md-6 h-col-12 style-564-outer style-local-224-c14-outer\">\n            <div data-colibri-id=\"224-c14\" class=\"d-flex h-flex-basis h-column__inner h-px-lg-0 h-px-md-0 h-px-2 v-inner-lg-0 v-inner-md-0 v-inner-2 style-564 style-local-224-c14 position-relative\">\n              <!---->\n              <!---->\n              <div class=\"w-100 h-y-container h-column__content h-column__v-align flex-basis-100 align-self-lg-center align-self-md-center align-self-center\">\n                <!---->\n                <div data-colibri-id=\"224-c15\" class=\"h-global-transition-all h-heading style-565 style-local-224-c15 position-relative h-element\">\n                  <!---->\n                  <div class=\"h-heading__outer style-565 style-local-224-c15\">\n                    <!---->\n                    <!---->\n                    <h3 class=\"\">Canta lo que te gusta<\/h3>\n                  <\/div>\n                <\/div>\n                <div data-colibri-id=\"224-c16\" class=\"h-text h-text-component style-566 style-local-224-c16 position-relative h-element\">\n                  <!---->\n                  <!---->\n                  <div class=\"\">\n                    <p>Una de las causas de desmotivaci\u00f3n a la hora de aprender a cantar o de intentar mejorar es el enfoque pedag\u00f3gico. Sabemos que el aprendizaje est\u00e1 estrechamente ligado a las emociones: recordamos con m\u00e1s vividez un evento unido a una\n                      profunda emoci\u00f3n, positiva o negativa. Si nos centramos en las emociones que nos producen alegr\u00eda, cantar es una de ellas: la profunda sensaci\u00f3n de bienestar y de satisfacci\u00f3n que produce cantar es definitivamente, una emoci\u00f3n positiva.<\/p>\n                    <p>Desde que nacemos aprendemos por imitaci\u00f3n y repetici\u00f3n, observando a nuestros mayores y entrenando una y otra vez el ensayo-error. Esta pr\u00e1ctica se va perfeccionando a lo largo de los a\u00f1os, seleccionando consciente o incoscientemente,\n                      lo que mejor nos funciona. En este punto, la forma en la que se nos presentan los nuevos conceptos es crucial. Un m\u00e9todo de ense\u00f1anza deber\u00eda ser eficaz y provocar un aprendizaje que perdure en el tiempo, porque el alumno ha hecho\n                      propios los conocimientos.<\/p>\n                    <p>Aprender a cantar o a perfeccionar nuestras habilidades vocales est\u00e1 sujeto a estos mismos hechos. Y como todo aprendizaje, si \u00e9ste va acompa\u00f1ado por ejercicios sencillos, directos a solucionar los problemas concretos y adecuados al\n                      estilo de aprendizaje de cada persona y las preferencias musicales del cantante, provocar\u00e1 en \u00e9ste emociones muy positivas.<\/p>\n                    <p>Seleccionar canciones que nos gustan, que normalmente escuchamos y cantamos y empezar a poner nombre a los retos vocales a los que nos enfrentamos es fundamental para una sesi\u00f3n eficaz. Esto no quiere decir que el proceso sea coser\n                      y cantar, sino que el camino se va construyendo a medida que se ponen soluciones concretas a problemas concretos. Por tanto, como para todo instrumento, la pr\u00e1ctica es un requisito indispensable, \u00a1pero practicar lo que te gusta y\n                      entiendes es mucho m\u00e1s divertido!<\/p>\n                    <p>\u00a1Manos al micro!<\/p>\n                  <\/div>\n                <\/div>\n              <\/div>\n            <\/div>\n          <\/div>\n        <\/div>\n      <\/div>\n    <\/div>\n  <\/div>\n<\/div>","protected":false},"excerpt":{"rendered":"<p>Canta lo que te gusta Una de las causas de desmotivaci\u00f3n a la hora de aprender a cantar o de intentar mejorar es el enfoque pedag\u00f3gico. Sabemos que el aprendizaje est\u00e1 estrechamente ligado a las emociones: recordamos con m\u00e1s vividez un evento unido a una profunda emoci\u00f3n, positiva o negativa. Si nos centramos en las [&hellip;]<\/p>\n","protected":false},"author":1,"featured_media":1055,"parent":0,"menu_order":0,"comment_status":"closed","ping_status":"closed","template":"page-templates\/full-width-page.php","meta":[],"aioseo_notices":[],"_links":{"self":[{"href":"https:\/\/happyfrogstudio.com\/es_es\/wp-json\/wp\/v2\/pages\/224"}],"collection":[{"href":"https:\/\/happyfrogstudio.com\/es_es\/wp-json\/wp\/v2\/pages"}],"about":[{"href":"https:\/\/happyfrogstudio.com\/es_es\/wp-json\/wp\/v2\/types\/page"}],"author":[{"embeddable":true,"href":"https:\/\/happyfrogstudio.com\/es_es\/wp-json\/wp\/v2\/users\/1"}],"replies":[{"embeddable":true,"href":"https:\/\/happyfrogstudio.com\/es_es\/wp-json\/wp\/v2\/comments?post=224"}],"version-history":[{"count":20,"href":"https:\/\/happyfrogstudio.com\/es_es\/wp-json\/wp\/v2\/pages\/224\/revisions"}],"predecessor-version":[{"id":1315,"href":"https:\/\/happyfrogstudio.com\/es_es\/wp-json\/wp\/v2\/pages\/224\/revisions\/1315"}],"wp:featuredmedia":[{"embeddable":true,"href":"https:\/\/happyfrogstudio.com\/es_es\/wp-json\/wp\/v2\/media\/1055"}],"wp:attachment":[{"href":"https:\/\/happyfrogstudio.com\/es_es\/wp-json\/wp\/v2\/media?parent=224"}],"curies":[{"name":"wp","href":"https:\/\/api.w.org\/{rel}","templated":true}]}}