{"id":797,"date":"2022-01-26T12:17:02","date_gmt":"2022-01-26T11:17:02","guid":{"rendered":"http:\/\/happyfrogstudio.com\/?page_id=797"},"modified":"2022-02-02T12:31:15","modified_gmt":"2022-02-02T11:31:15","slug":"por-que-trabajar-tu-tecnica-vocal","status":"publish","type":"page","link":"https:\/\/happyfrogstudio.com\/es_es\/por-que-trabajar-tu-tecnica-vocal\/","title":{"rendered":"\u00bfpor qu\u00e9 trabajar tu t\u00e9cnica vocal?"},"content":{"rendered":"<div data-colibri-id=\"797-c1\" class=\"style-494 style-local-797-c1 position-relative\">\n  <!---->\n  <div data-colibri-component=\"section\" data-colibri-id=\"797-c2\" id=\"custom\" class=\"h-section h-section-global-spacing d-flex align-items-lg-center align-items-md-center align-items-center style-495 style-local-797-c2 position-relative\">\n    <!---->\n    <!---->\n    <div class=\"h-section-grid-container h-section-boxed-container\">\n      <!---->\n      <div data-colibri-id=\"797-c3\" class=\"h-row-container gutters-row-lg-2 gutters-row-md-2 gutters-row-0 gutters-row-v-lg-2 gutters-row-v-md-2 gutters-row-v-2 style-496 style-local-797-c3 position-relative\">\n        <!---->\n        <div class=\"h-row justify-content-lg-center justify-content-md-center justify-content-center align-items-lg-stretch align-items-md-stretch align-items-stretch gutters-col-lg-2 gutters-col-md-2 gutters-col-0 gutters-col-v-lg-2 gutters-col-v-md-2 gutters-col-v-2\">\n          <!---->\n          <div class=\"h-column h-column-container d-flex h-col-lg-6 h-col-md-6 h-col-12 style-497-outer style-local-797-c4-outer\">\n            <div data-colibri-id=\"797-c4\" class=\"d-flex h-flex-basis h-column__inner h-px-lg-2 h-px-md-2 h-px-2 v-inner-lg-2 v-inner-md-2 v-inner-2 style-497 style-local-797-c4 position-relative\">\n              <!---->\n              <!---->\n              <div class=\"w-100 h-y-container h-column__content h-column__v-align flex-basis-100 align-self-lg-start align-self-md-start align-self-start\">\n                <!---->\n                <div data-colibri-id=\"797-c5\" class=\"d-block style-498 style-local-797-c5 position-relative h-element\">\n                  <!---->\n                  <div class=\"h-image__frame-container-outer\">\n                    <div class=\"h-image__frame-container\">\n                      <!---->\n                      <!---->\n                      <img decoding=\"async\" loading=\"lazy\" width=\"2560\" height=\"1334\" src=\"http:\/\/happyfrogstudio.com\/wp-content\/uploads\/2022\/01\/micro_happy_head-min_compressedmax-scaled.jpeg\" class=\"wp-image-91 style-498-image style-local-797-c5-image\" srcset=\"https:\/\/happyfrogstudio.com\/wp-content\/uploads\/2022\/01\/micro_happy_head-min_compressedmax-scaled.jpeg 2560w, https:\/\/happyfrogstudio.com\/wp-content\/uploads\/2022\/01\/micro_happy_head-min_compressedmax-300x156.jpeg 300w, https:\/\/happyfrogstudio.com\/wp-content\/uploads\/2022\/01\/micro_happy_head-min_compressedmax-1024x534.jpeg 1024w, https:\/\/happyfrogstudio.com\/wp-content\/uploads\/2022\/01\/micro_happy_head-min_compressedmax-768x400.jpeg 768w, https:\/\/happyfrogstudio.com\/wp-content\/uploads\/2022\/01\/micro_happy_head-min_compressedmax-1536x800.jpeg 1536w, https:\/\/happyfrogstudio.com\/wp-content\/uploads\/2022\/01\/micro_happy_head-min_compressedmax-2048x1067.jpeg 2048w, https:\/\/happyfrogstudio.com\/wp-content\/uploads\/2022\/01\/micro_happy_head-min_compressedmax-18x9.jpeg 18w\" sizes=\"(max-width: 2560px) 100vw, 2560px\" alt=\"happyfrogstudio\" \/>\n                      <div class=\"h-image__frame h-hide-lg h-hide-md h-hide-sm style-498-frameImage style-local-797-c5-frameImage\"><\/div>\n                    <\/div>\n                  <\/div>\n                <\/div>\n              <\/div>\n            <\/div>\n          <\/div>\n        <\/div>\n      <\/div>\n    <\/div>\n  <\/div>\n  <div data-colibri-component=\"section\" data-colibri-id=\"797-c6\" id=\"content\" class=\"h-section h-section-global-spacing d-flex align-items-lg-center align-items-md-center align-items-center style-567 style-local-797-c6 position-relative\">\n    <!---->\n    <!---->\n    <div class=\"h-section-grid-container h-section-boxed-container\">\n      <!---->\n      <div data-colibri-id=\"797-c7\" class=\"h-row-container gutters-row-lg-2 gutters-row-md-2 gutters-row-2 gutters-row-v-lg-2 gutters-row-v-md-2 gutters-row-v-2 style-568 style-local-797-c7 position-relative\">\n        <!---->\n        <div class=\"h-row justify-content-lg-center justify-content-md-center justify-content-center align-items-lg-stretch align-items-md-stretch align-items-stretch gutters-col-lg-2 gutters-col-md-2 gutters-col-2 gutters-col-v-lg-2 gutters-col-v-md-2 gutters-col-v-2\">\n          <!---->\n          <div class=\"h-column h-column-container d-flex h-col-lg-6 h-col-md-6 h-col-12 style-569-outer style-local-797-c8-outer\">\n            <div data-colibri-id=\"797-c8\" class=\"d-flex h-flex-basis h-column__inner h-px-lg-0 h-px-md-0 h-px-2 v-inner-lg-0 v-inner-md-0 v-inner-2 style-569 style-local-797-c8 position-relative\">\n              <!---->\n              <!---->\n              <div class=\"w-100 h-y-container h-column__content h-column__v-align flex-basis-100 align-self-lg-center align-self-md-center align-self-center\">\n                <!---->\n                <div data-colibri-id=\"797-c9\" class=\"h-global-transition-all h-heading style-570 style-local-797-c9 position-relative h-element\">\n                  <!---->\n                  <div class=\"h-heading__outer style-570 style-local-797-c9\">\n                    <!---->\n                    <!---->\n                    <h3 class=\"\">\u00bfpor qu\u00e9 trabajar tu t\u00e9cnica vocal?<\/h3>\n                  <\/div>\n                <\/div>\n                <div data-colibri-id=\"797-c10\" class=\"h-text h-text-component style-571 style-local-797-c10 position-relative h-element\">\n                  <!---->\n                  <!---->\n                  <div class=\"\">\n                    <p>Tanto si cantas en una banda de metal, en un coro, o eres solista en la ducha, comprender c\u00f3mo funciona este maravilloso instrumento es muy importante para controlarlo.<\/p>\n                    <p>Tienes la capacidad de ampliar tu rango vocal, alcanzar notas m\u00e1s altas o m\u00e1s graves, cambiar el color de tu voz, a\u00f1adirle alg\u00fan efecto, o cantar diferentes estilos en diferentes vol\u00famenes.<\/p>\n                    <p>Durante muchos a\u00f1os, el bel canto implicaba interpretar sin amplificaci\u00f3n y se impuso una \u00fanica manera aceptada de cantar correctamente. Con la llegada de la m\u00fasica r\u00edtmica y la posibilidad de cantar con micr\u00f3fono, cantar bien ya no\n                      implica un \u00fanico modo de hacerlo, adaptar tu voz a los diferentes estilos, vol\u00famenes, y formas de interpretar ha llevado, naturalmente, a investigar sobre nuevas t\u00e9cnicas vocales que den respuesta a esta riqueza.<\/p>\n                    <p>Sea cual sea tu tipo de m\u00fasica preferida para cantar, es crucial aprender a adaptar tu voz a ella y adem\u00e1s hacerlo de forma saludable. As\u00ed seguir\u00e1s cantando lo que te gusta indefinidamente sin que tus cuerdas vocales se vean afectadas\n                      por malos h\u00e1bitos o simplemente falta de t\u00e9cnica.<\/p>\n                  <\/div>\n                <\/div>\n              <\/div>\n            <\/div>\n          <\/div>\n          <div class=\"h-column h-column-container d-flex h-col-lg-6 h-col-md-6 h-col-12 style-574-outer style-local-797-c11-outer\">\n            <div data-colibri-id=\"797-c11\" class=\"d-flex h-flex-basis h-column__inner h-px-lg-0 h-px-md-2 h-px-0 v-inner-lg-0 v-inner-md-2 v-inner-0 style-574 style-local-797-c11 position-relative\">\n              <!---->\n              <!---->\n              <div class=\"w-100 h-y-container h-column__content h-column__v-align flex-basis-100 align-self-lg-center align-self-md-center align-self-center\">\n                <!---->\n                <div data-colibri-id=\"797-c12\" class=\"d-block style-575 style-local-797-c12 position-relative h-element\">\n                  <!---->\n                  <div class=\"h-image__frame-container-outer\">\n                    <div class=\"h-image__frame-container\">\n                      <!---->\n                      <!---->\n                      <img decoding=\"async\" loading=\"lazy\" width=\"2560\" height=\"1707\" src=\"http:\/\/happyfrogstudio.com\/wp-content\/uploads\/2022\/02\/tecnicavocal-scaled.jpg\" class=\"wp-image-1122 style-575-image style-local-797-c12-image\" srcset=\"https:\/\/happyfrogstudio.com\/wp-content\/uploads\/2022\/02\/tecnicavocal-scaled.jpg 2560w, https:\/\/happyfrogstudio.com\/wp-content\/uploads\/2022\/02\/tecnicavocal-300x200.jpg 300w, https:\/\/happyfrogstudio.com\/wp-content\/uploads\/2022\/02\/tecnicavocal-1024x683.jpg 1024w, https:\/\/happyfrogstudio.com\/wp-content\/uploads\/2022\/02\/tecnicavocal-768x512.jpg 768w, https:\/\/happyfrogstudio.com\/wp-content\/uploads\/2022\/02\/tecnicavocal-391x260.jpg 391w, https:\/\/happyfrogstudio.com\/wp-content\/uploads\/2022\/02\/tecnicavocal-1536x1024.jpg 1536w, https:\/\/happyfrogstudio.com\/wp-content\/uploads\/2022\/02\/tecnicavocal-2048x1365.jpg 2048w, https:\/\/happyfrogstudio.com\/wp-content\/uploads\/2022\/02\/tecnicavocal-18x12.jpg 18w\" sizes=\"(max-width: 2560px) 100vw, 2560px\" alt=\"why_vocaltechnique\" \/>\n                      <div class=\"h-image__frame h-hide-sm style-575-frameImage style-local-797-c12-frameImage\"><\/div>\n                    <\/div>\n                  <\/div>\n                <\/div>\n              <\/div>\n            <\/div>\n          <\/div>\n        <\/div>\n      <\/div>\n    <\/div>\n  <\/div>\n<\/div>","protected":false},"excerpt":{"rendered":"<p>\u00bfpor qu\u00e9 trabajar tu t\u00e9cnica vocal? Tanto si cantas en una banda de metal, en un coro, o eres solista en la ducha, comprender c\u00f3mo funciona este maravilloso instrumento es muy importante para controlarlo. Tienes la capacidad de ampliar tu rango vocal, alcanzar notas m\u00e1s altas o m\u00e1s graves, cambiar el color de tu voz, [&hellip;]<\/p>\n","protected":false},"author":1,"featured_media":1055,"parent":0,"menu_order":0,"comment_status":"closed","ping_status":"closed","template":"page-templates\/full-width-page.php","meta":[],"aioseo_notices":[],"_links":{"self":[{"href":"https:\/\/happyfrogstudio.com\/es_es\/wp-json\/wp\/v2\/pages\/797"}],"collection":[{"href":"https:\/\/happyfrogstudio.com\/es_es\/wp-json\/wp\/v2\/pages"}],"about":[{"href":"https:\/\/happyfrogstudio.com\/es_es\/wp-json\/wp\/v2\/types\/page"}],"author":[{"embeddable":true,"href":"https:\/\/happyfrogstudio.com\/es_es\/wp-json\/wp\/v2\/users\/1"}],"replies":[{"embeddable":true,"href":"https:\/\/happyfrogstudio.com\/es_es\/wp-json\/wp\/v2\/comments?post=797"}],"version-history":[{"count":11,"href":"https:\/\/happyfrogstudio.com\/es_es\/wp-json\/wp\/v2\/pages\/797\/revisions"}],"predecessor-version":[{"id":1445,"href":"https:\/\/happyfrogstudio.com\/es_es\/wp-json\/wp\/v2\/pages\/797\/revisions\/1445"}],"wp:featuredmedia":[{"embeddable":true,"href":"https:\/\/happyfrogstudio.com\/es_es\/wp-json\/wp\/v2\/media\/1055"}],"wp:attachment":[{"href":"https:\/\/happyfrogstudio.com\/es_es\/wp-json\/wp\/v2\/media?parent=797"}],"curies":[{"name":"wp","href":"https:\/\/api.w.org\/{rel}","templated":true}]}}